{"id":1659,"date":"2015-05-11T21:54:25","date_gmt":"2015-05-11T19:54:25","guid":{"rendered":"http:\/\/xn--kruterhexchen-silvia-czb.de\/WP\/?page_id=1659"},"modified":"2017-09-19T11:06:46","modified_gmt":"2017-09-19T09:06:46","slug":"ernaehrungseratung","status":"publish","type":"page","link":"http:\/\/xn--kruterhexchen-silvia-czb.de\/WP\/?page_id=1659","title":{"rendered":"Ern\u00e4hrungsberatung"},"content":{"rendered":"<p style=\"text-align: center;\"><a href=\"http:\/\/xn--kruterhexchen-silvia-czb.de\/WP\/wp-content\/uploads\/2015\/05\/hexchen.jpg\"><img loading=\"lazy\" decoding=\"async\" class=\"wp-image-3103 aligncenter\" src=\"http:\/\/xn--kruterhexchen-silvia-czb.de\/WP\/wp-content\/uploads\/2015\/05\/hexchen.jpg\" alt=\"\" width=\"301\" height=\"402\" srcset=\"http:\/\/xn--kruterhexchen-silvia-czb.de\/WP\/wp-content\/uploads\/2015\/05\/hexchen.jpg 720w, http:\/\/xn--kruterhexchen-silvia-czb.de\/WP\/wp-content\/uploads\/2015\/05\/hexchen-225x300.jpg 225w\" sizes=\"auto, (max-width: 301px) 100vw, 301px\" \/><\/a><strong>Silvia Tuch <\/strong><\/p>\n<p style=\"text-align: center;\"><strong>Ern\u00e4hrungsberaterin (SFG), Landschaftsg\u00e4rtnerin, Dozentin an der VHS Leipzig<\/strong><\/p>\n<p>&nbsp;<\/p>\n<h2 style=\"text-align: center;\"><span style=\"color: #993300;\"><strong>Mein Motto:<\/strong><\/span><br \/>\n<span style=\"color: #808000;\"><strong>&#8222;Denk bunt. Iss bunt. Bleib gesund!&#8220;<\/strong> <\/span><\/h2>\n<h4><\/h4>\n<h4 style=\"text-align: center;\">Gesund zu sein und vor allem es auch zu bleiben, ist ein Anliegen der meisten Menschen.<\/h4>\n<h4 style=\"text-align: center;\">Eine abwechslungsreiche, energiebewusste und den individuellen Bed\u00fcrfnissen angepasste Ern\u00e4hrung sowie Bewegung schafft Freiraum und Wohlbefinden. Ein achtsamer Umgang mit Essen, mit sich selbst und seinem K\u00f6rperempfinden f\u00fchrt langfristig zu mehr Zufriedenheit.<\/h4>\n<h4 style=\"text-align: center;\"><strong>Die Entscheidung es auch zu wollen, liegt ganz bei Ihnen.<\/strong><\/h4>\n<p>&nbsp;<\/p>\n<p style=\"text-align: center;\">Eine individuelle Ern\u00e4hrungsberatung kann Sie Ihrem Ziel n\u00e4her bringen.<\/p>\n<p>&nbsp;<\/p>\n<p><span style=\"color: #993300;\">Einzelberatungen &#8211; <strong>Besser essen<\/strong> &#8211;<\/span><\/p>\n<p style=\"text-align: left;\">gesunde, abwechslungsreiche und bewusste Ern\u00e4hrung im richtigen Verh\u00e4ltnis, entdecken der Vielfalt der Lebensmittel und neuer Geschmacksrichtungen, Hilfe beim Ausw\u00e4hlen der Lebensmittel, verschiedene Ern\u00e4hrungsweisen betrachten, Ern\u00e4hrung in verschiedenen Lebensabschnitten, Licht ins Dunkel von verschiedenen Di\u00e4ten zu bringen, Einkaufsberatung, individuelle Fragestellungen u.s.w.<\/p>\n<p>&nbsp;<\/p>\n<p><span style=\"color: #993300;\">Einzelberatungen &#8211; <strong>Abnehmen <\/strong>&#8211; BEGINNT IM KOPF.<\/span><\/p>\n<p>Ihr Wohlf\u00fchlgewicht muss nicht immer in eine Tabelle passen, sondern zu Ihnen. K\u00f6rperempfinden, &#8222;das schlechte Gewissen&#8220; und Zw\u00e4nge hindern Sie jedoch daran Ihr Wohlf\u00fchlgewicht zu erreichen. Der Weg zu einem ges\u00fcnderen Lebensstil ist nicht immer einfach &#8211; aber machbar. Kleine Schritte die zu dauerhaften guten Ern\u00e4hrungsgewohnheiten und mehr Bewegung f\u00fchren, f\u00fchren langfristig zum Erfolg.<\/p>\n<p>&nbsp;<\/p>\n<h4 style=\"text-align: center;\"><span style=\"color: #808000;\"><strong>&#8222;Die EINE gesunde Ern\u00e4hrung gibt es nicht. Der Mensch muss zu einer Ern\u00e4hrung finden, die ihm gut tut, die er dauerhaft beibehalten kann, die zu ihm passt, wie ein gut sitzendes Kleid.&#8220;<br \/>\n<\/strong><\/span><\/h4>\n<p style=\"text-align: center;\"><span style=\"color: #808000;\">(Zitat von Sonja Mannhardt)<\/span><\/p>\n<p>&nbsp;<\/p>\n<h5><span style=\"color: #ff0000;\"><strong>ALLE DATEN UND GESPR\u00c4CHSINHALTE WERDEN VERTRAULICH BEHANDELT<br \/>\n<\/strong><\/span><\/h5>\n<p><strong><span style=\"color: #993300;\">Erstkontakt:<\/span> <\/strong><\/p>\n<p>Telefonisch oder per Mail (zu finden im <strong><a href=\"http:\/\/kr%C3%A4uterhexchen-silvia.de\/Impressum.html\" target=\"_blank\" rel=\"noopener\"><span style=\"color: #808000;\">Impressum<\/span><\/a><\/strong> ) Besprechung ihres Anliegens, Kl\u00e4rung der Kosten, m\u00f6glicher Ablauf, organisatorisches, Vereinbarung von Terminen,<br \/>\n<strong>ist Kostenfrei<br \/>\n<\/strong><\/p>\n<p>&nbsp;<\/p>\n<p><strong><span style=\"color: #993300;\">Erster Termin:<\/span> <\/strong>Dauer ca. 60 min<\/p>\n<p>nochmalige Besprechung ihres Anliegens, Anamnesegespr\u00e4ch bei Ihnen zu Hause , wichtige Daten werden erfasst die f\u00fcr eine gute Beratung relevant sind, Besprechung Ihrer Ern\u00e4hrungs &#8211; und Lebensgewohnheiten, Unvertr\u00e4glichkeiten u.s.w., je nach Anliegen werden M\u00f6glichkeiten, erste Ziele, F\u00fchren eines Ern\u00e4hrungsprotokolls und Bewegungsprotokolls besprochen,<br \/>\n<strong>Kosten: 40 Euro<\/strong><\/p>\n<p>&nbsp;<\/p>\n<p><strong><span style=\"color: #993300;\">Zweiter Termin:<\/span> <\/strong>Dauer ca. 45 min bis 60 min<\/p>\n<p>je nach Anliegen Auswertung\/Besprechung der Protokolle, es werden individuelle M\u00f6glichkeiten f\u00fcr Ver\u00e4nderungen und oder Verbesserungen besprochen, Wissensvermittlung und alltagstaugliche Tipps vermittelt, Motivation f\u00fcr die Umsetzung der festgelegten Ziele,<br \/>\n<strong>Kosten: 35 Euro<\/strong><\/p>\n<p>&nbsp;<\/p>\n<p><span style=\"color: #993300;\"><strong>weitere Termine:<\/strong><\/span><\/p>\n<p>St\u00e4rkung der Eigenkompetenz, Besprechung von Fragen, Problemen in der Umsetzung, erreichte Ziele und das setzen neuer Ziele, Motivation, u.s.w.<br \/>\n<strong>Kosten f\u00fcr 30 min = 25 Euro<\/strong><\/p>\n<p>&nbsp;<\/p>\n<p><span style=\"color: #ff0000;\"><strong>Eine Kosten\u00fcbernahme durch die Krankenkassen ist leider nicht m\u00f6glich.<\/strong><\/span><\/p>\n<p>&nbsp;<\/p>\n<p>Vortr\u00e4ge (f\u00fcr Gruppen) und praktische Umsetzung (Kochkurse in Ihrer Einrichtung in kleinen Gruppen, Kr\u00e4uterwanderungen) &#8211; <strong>zu verschiedenen Themen<\/strong> &#8211; Orientierung an Ihren Interessen, in Schulen, Firmen, Bildungseinrichtungen und Privatpersonen<\/p>\n<p><strong>Kosten nach Vereinbarung. Sie sind abh\u00e4nig vom Anfahrtsweg, dem Thema, Anzahl der Teilnehmer und Ihren individuellen W\u00fcnschen.<br \/>\n<\/strong><\/p>\n<p>&nbsp;<\/p>\n<p><a href=\"http:\/\/xn--kruterhexchen-silvia-czb.de\/WP\/wp-content\/uploads\/2015\/05\/P9106989.jpg\"><img loading=\"lazy\" decoding=\"async\" class=\"wp-image-3100 aligncenter\" src=\"http:\/\/xn--kruterhexchen-silvia-czb.de\/WP\/wp-content\/uploads\/2015\/05\/P9106989.jpg\" alt=\"\" width=\"341\" height=\"455\" srcset=\"http:\/\/xn--kruterhexchen-silvia-czb.de\/WP\/wp-content\/uploads\/2015\/05\/P9106989.jpg 720w, http:\/\/xn--kruterhexchen-silvia-czb.de\/WP\/wp-content\/uploads\/2015\/05\/P9106989-225x300.jpg 225w\" sizes=\"auto, (max-width: 341px) 100vw, 341px\" \/><\/a><\/p>\n<p style=\"text-align: center;\"><span style=\"color: #808000;\"><strong>\u00a0<\/strong><\/span><\/p>\n","protected":false},"excerpt":{"rendered":"<p>Silvia Tuch Ern\u00e4hrungsberaterin (SFG), Landschaftsg\u00e4rtnerin, Dozentin an der VHS Leipzig &nbsp; Mein Motto: &#8222;Denk bunt. Iss bunt. Bleib gesund!&#8220; Gesund zu sein und vor allem es auch zu bleiben, ist ein Anliegen der meisten Menschen. Eine abwechslungsreiche, energiebewusste und den individuellen Bed\u00fcrfnissen angepasste Ern\u00e4hrung sowie Bewegung schafft Freiraum und Wohlbefinden. Ein achtsamer Umgang mit Essen, [&hellip;]<\/p>\n","protected":false},"author":1,"featured_media":0,"parent":0,"menu_order":5,"comment_status":"open","ping_status":"open","template":"","meta":{"footnotes":""},"class_list":["post-1659","page","type-page","status-publish","hentry"],"_links":{"self":[{"href":"http:\/\/xn--kruterhexchen-silvia-czb.de\/WP\/index.php?rest_route=\/wp\/v2\/pages\/1659","targetHints":{"allow":["GET"]}}],"collection":[{"href":"http:\/\/xn--kruterhexchen-silvia-czb.de\/WP\/index.php?rest_route=\/wp\/v2\/pages"}],"about":[{"href":"http:\/\/xn--kruterhexchen-silvia-czb.de\/WP\/index.php?rest_route=\/wp\/v2\/types\/page"}],"author":[{"embeddable":true,"href":"http:\/\/xn--kruterhexchen-silvia-czb.de\/WP\/index.php?rest_route=\/wp\/v2\/users\/1"}],"replies":[{"embeddable":true,"href":"http:\/\/xn--kruterhexchen-silvia-czb.de\/WP\/index.php?rest_route=%2Fwp%2Fv2%2Fcomments&post=1659"}],"version-history":[{"count":46,"href":"http:\/\/xn--kruterhexchen-silvia-czb.de\/WP\/index.php?rest_route=\/wp\/v2\/pages\/1659\/revisions"}],"predecessor-version":[{"id":3150,"href":"http:\/\/xn--kruterhexchen-silvia-czb.de\/WP\/index.php?rest_route=\/wp\/v2\/pages\/1659\/revisions\/3150"}],"wp:attachment":[{"href":"http:\/\/xn--kruterhexchen-silvia-czb.de\/WP\/index.php?rest_route=%2Fwp%2Fv2%2Fmedia&parent=1659"}],"curies":[{"name":"wp","href":"https:\/\/api.w.org\/{rel}","templated":true}]}}