{"id":24,"date":"2013-07-22T16:27:04","date_gmt":"2013-07-22T14:27:04","guid":{"rendered":"http:\/\/xn--kruterhexchen-silvia-czb.de\/WP\/?page_id=24"},"modified":"2017-09-19T07:36:06","modified_gmt":"2017-09-19T05:36:06","slug":"zum-wohlfuhlen-2","status":"publish","type":"page","link":"http:\/\/xn--kruterhexchen-silvia-czb.de\/WP\/?page_id=24","title":{"rendered":"zum Wohlf\u00fchlen"},"content":{"rendered":"<p style=\"text-align: left;\" align=\"center\"><strong><a href=\"http:\/\/xn--kruterhexchen-silvia-czb.de\/WP\/wp-content\/uploads\/2013\/07\/Rosen.jpg\"><img loading=\"lazy\" decoding=\"async\" class=\"size-medium wp-image-145 aligncenter\" src=\"http:\/\/xn--kruterhexchen-silvia-czb.de\/WP\/wp-content\/uploads\/2013\/07\/Rosen-300x225.jpg\" alt=\"Rosen\" width=\"300\" height=\"225\" srcset=\"http:\/\/xn--kruterhexchen-silvia-czb.de\/WP\/wp-content\/uploads\/2013\/07\/Rosen-300x225.jpg 300w, http:\/\/xn--kruterhexchen-silvia-czb.de\/WP\/wp-content\/uploads\/2013\/07\/Rosen.jpg 480w\" sizes=\"auto, (max-width: 300px) 100vw, 300px\" \/><\/a><\/strong><\/p>\n<p style=\"text-align: center;\" align=\"center\"><strong>Riech doch mal!!<\/strong><\/p>\n<p style=\"text-align: left;\" align=\"center\">Wenn Du durch Deinen Garten oder die Natur schleichst und nicht nur die Augen offen h\u00e4ltst um die sch\u00f6nen Dinge zu entdecken, sondern auch Deine Nase mal in die Luft h\u00e4ltst und den D\u00fcften nachgehst wirst Du feststellen das dies wohl Dein pers\u00f6nliches Paradies ist<strong>.<\/strong><\/p>\n<p align=\"left\">D\u00fcfte sind \u00fcberall und sie kommen von Kr\u00e4utern, Blumen, und von Bl\u00fcten und Bl\u00e4ttern der B\u00e4umen und Str\u00e4uchern. Hier findest Du viele verschiedene D\u00fcfte wie w\u00fcrzig, herb, fruchtig, holzig, zitronig, harzig, blumig oder auch s\u00fc\u00df die Deine Nase umwehen. Um manche von ihnen zu entdecken musst du die Bl\u00e4tter oder Bl\u00fcten anfassen und leicht zwischen Fingern reiben. Die hei\u00dfen dann Ber\u00fchrungsdufter. Sonst gibt es noch Bl\u00fctendufter, Blattdufter und auch welche die nur Nachts ihren Duft verstr\u00f6men. Viele riechen sehr intensiv und andere nur sehr wenig. Das wichtigste ist aber die D\u00fcfte zu genie\u00dfen und sich an ihnen zu erfreuen.<\/p>\n<p align=\"left\"><strong>Aber wie machen die Pflanzen das und wof\u00fcr soll das gut sein?<\/strong><\/p>\n<p align=\"left\"><strong>Wie?<\/strong>\u00a0 es sind \u00e4therische \u00d6le, die die Pflanze enth\u00e4lt. Sie werden in den Duftdr\u00fcsen von Bl\u00fcten, Fr\u00fcchten und Bl\u00e4ttern hergestellt. Sie duften besonders bei hei\u00dfem Sommerwetter. Wenn es warm ist, zieht die W\u00e4rme den Duft aus den entsprechenden Teilen der Pflanze heraus und er ist besonders intensiv. Manche D\u00fcfte werden aber auch erst nachts entfaltet. Solche Pflanzen nennt man dann Nachtdufter.<\/p>\n<p align=\"left\"><strong>Warum?<\/strong>\u00a0 Manche D\u00fcfte locken Insekten an die bei der Best\u00e4ubung helfen, und manche Pflanzen verstr\u00f6men D\u00fcfte die einige Sch\u00e4dlinge gar nicht m\u00f6gen. Fr\u00fcchte verstr\u00f6men D\u00fcfte damit sie von Tieren gefressen werden und so ihre Samen verbreitet werden.<\/p>\n<p align=\"left\">Und wir, wir k\u00f6nnen diese D\u00fcfte einfach genie\u00dfen und uns einfach daran erfreuen.<\/p>\n<p>Am liebsten w\u00fcrden wir sie \u00fcberall haben im Garten, auf dem Balkon und im Zimmer. Die meisten von Euch werden wissen das die Kr\u00e4uter die Duftverstr\u00f6mer Nummer 1 sind. Fast jeder hat irgendwo im Garten oder auch auf dem Balkon einige von ihnen oder weis wo man in der Natur welche findet.<\/p>\n<p>Hier einige Duftpflanzen an denen sich Eure Nase erfreuen kann:<\/p>\n<table style=\"height: 1867px;\" border=\"1\" width=\"512\" cellspacing=\"3\" cellpadding=\"0\">\n<tbody>\n<tr>\n<td width=\"29%\">Schleier- Frauenmantel<\/td>\n<td width=\"31%\">Alchemilla mollis<\/td>\n<td width=\"23%\">\n<p align=\"center\">Staude<\/p>\n<\/td>\n<td width=\"23%\">\n<p align=\"center\">blumig<\/p>\n<\/td>\n<\/tr>\n<tr>\n<td width=\"29%\">Maigl\u00f6ckchen<\/td>\n<td width=\"31%\">Convallaria majalis<\/td>\n<td width=\"23%\">\n<p align=\"center\">Staude\/Zwiebel<\/p>\n<\/td>\n<td width=\"23%\">\n<p align=\"center\">blumig<\/p>\n<\/td>\n<\/tr>\n<tr>\n<td width=\"29%\">Rittersporn<\/td>\n<td width=\"31%\">Delphinum sp.<\/td>\n<td width=\"23%\">\n<p align=\"center\">Staude<\/p>\n<\/td>\n<td width=\"23%\">\n<p align=\"center\">blumig<\/p>\n<\/td>\n<\/tr>\n<tr>\n<td width=\"29%\">Riesenm\u00e4dchens\u00fc\u00df<\/td>\n<td width=\"31%\">Filipendula kamtschatica<\/td>\n<td width=\"23%\">\n<p align=\"center\">Staude<\/p>\n<\/td>\n<td width=\"23%\">\n<p align=\"center\">blumig<\/p>\n<\/td>\n<\/tr>\n<tr>\n<td width=\"29%\">Waldmeister<\/td>\n<td width=\"31%\">Galium odoratum<\/td>\n<td width=\"23%\">\n<p align=\"center\">Staude<\/p>\n<\/td>\n<td width=\"23%\">\n<p align=\"center\">blumig<\/p>\n<\/td>\n<\/tr>\n<tr>\n<td width=\"29%\">Funkie<\/td>\n<td width=\"31%\">Hosta sp.<\/td>\n<td width=\"23%\">\n<p align=\"center\">Staude<\/p>\n<\/td>\n<td width=\"23%\">\n<p align=\"center\">blumig<\/p>\n<\/td>\n<\/tr>\n<tr>\n<td width=\"29%\">Knotenblume<\/td>\n<td width=\"31%\">Leucojum vernus<\/td>\n<td width=\"23%\">\n<p align=\"center\">Staude<\/p>\n<\/td>\n<td width=\"23%\">\n<p align=\"center\">blumig<\/p>\n<\/td>\n<\/tr>\n<tr>\n<td width=\"29%\">Korallenlilie<\/td>\n<td width=\"31%\">Lilium pumilum<\/td>\n<td width=\"23%\">\n<p align=\"center\">Staude\/Rhizom<\/p>\n<\/td>\n<td width=\"23%\">\n<p align=\"center\">blumig<\/p>\n<\/td>\n<\/tr>\n<tr>\n<td width=\"29%\">Jacobsleiter<\/td>\n<td width=\"31%\">Polemomnium caeruleum<\/td>\n<td width=\"23%\">\n<p align=\"center\">Staude<\/p>\n<\/td>\n<td width=\"23%\">\n<p align=\"center\">blumig<\/p>\n<\/td>\n<\/tr>\n<tr>\n<td width=\"29%\">Schl\u00fcsselblume<\/td>\n<td width=\"31%\">Primula veris<\/td>\n<td width=\"23%\">\n<p align=\"center\">Staude<\/p>\n<\/td>\n<td width=\"23%\">\n<p align=\"center\">blumig<\/p>\n<\/td>\n<\/tr>\n<tr>\n<td width=\"29%\">Felsensteinkraut<\/td>\n<td width=\"31%\">Alyssum saxatile<\/td>\n<td width=\"23%\">\n<p align=\"center\">Staude<\/p>\n<\/td>\n<td width=\"23%\">\n<p align=\"center\">blumig<\/p>\n<\/td>\n<\/tr>\n<tr>\n<td width=\"29%\">Herbstchrysantheme<\/td>\n<td width=\"31%\">Chrysanthemun Hybr.<\/td>\n<td width=\"23%\">\n<p align=\"center\">Staude<\/p>\n<\/td>\n<td width=\"23%\">\n<p align=\"center\">blumig<\/p>\n<\/td>\n<\/tr>\n<tr>\n<td width=\"29%\">Gartennelke<\/td>\n<td width=\"31%\">Dianthus caryophyllus<\/td>\n<td width=\"23%\">\n<p align=\"center\">Staude<\/p>\n<\/td>\n<td width=\"23%\">\n<p align=\"center\">blumig<\/p>\n<\/td>\n<\/tr>\n<tr>\n<td width=\"29%\">Rosa -M\u00e4dchens\u00fc\u00df<\/td>\n<td width=\"31%\">Filipendula palmata<\/td>\n<td width=\"23%\">\n<p align=\"center\">Staude<\/p>\n<\/td>\n<td width=\"23%\">\n<p align=\"center\">blumig<\/p>\n<\/td>\n<\/tr>\n<tr>\n<td width=\"29%\">Taglilie<\/td>\n<td width=\"31%\">Hemerocallis sp.<\/td>\n<td width=\"23%\">\n<p align=\"center\">Staude<\/p>\n<\/td>\n<td width=\"23%\">\n<p align=\"center\">blumig, s\u00fc\u00df<\/p>\n<\/td>\n<\/tr>\n<tr>\n<td width=\"29%\">Pflaum-Iris<\/td>\n<td width=\"31%\">Iris germanica<\/td>\n<td width=\"23%\">\n<p align=\"center\">Staude\/Rhizom<\/p>\n<\/td>\n<td width=\"23%\">\n<p align=\"center\">blumig<\/p>\n<\/td>\n<\/tr>\n<tr>\n<td width=\"29%\">Madonnenlilie<\/td>\n<td width=\"31%\">Lilium candidum<\/td>\n<td width=\"23%\">\n<p align=\"center\">Staude<\/p>\n<\/td>\n<td width=\"23%\">\n<p align=\"center\">blumig<\/p>\n<\/td>\n<\/tr>\n<tr>\n<td width=\"29%\">Phlox<\/td>\n<td width=\"31%\">Phlox paniculata<\/td>\n<td width=\"23%\">\n<p align=\"center\">Staude<\/p>\n<\/td>\n<td width=\"23%\">\n<p align=\"center\">blumig<\/p>\n<\/td>\n<\/tr>\n<tr>\n<td width=\"29%\">Salomonsiegel<\/td>\n<td width=\"31%\">Polygonatum Hybr.<\/td>\n<td width=\"23%\">\n<p align=\"center\">Staude<\/p>\n<\/td>\n<td width=\"23%\">\n<p align=\"center\">blumig<\/p>\n<\/td>\n<\/tr>\n<tr>\n<td width=\"29%\">Duftveilchen<\/td>\n<td width=\"31%\">Viola odorata<\/td>\n<td width=\"23%\">\n<p align=\"center\">Staude<\/p>\n<\/td>\n<td width=\"23%\">\n<p align=\"center\">blumig<\/p>\n<\/td>\n<\/tr>\n<tr>\n<td width=\"29%\">F\u00e4rberkamille<\/td>\n<td width=\"31%\">Anthemisia tinctoria<\/td>\n<td width=\"23%\">\n<p align=\"center\">Staude<\/p>\n<\/td>\n<td width=\"23%\">\n<p align=\"center\">kampfer<\/p>\n<\/td>\n<\/tr>\n<tr>\n<td width=\"29%\">Gemeine Scharfgarbe<\/td>\n<td width=\"31%\">Achillea millefolium<\/td>\n<td width=\"23%\">\n<p align=\"center\">Staude<\/p>\n<\/td>\n<td width=\"23%\">\n<p align=\"center\">kampfer<\/p>\n<\/td>\n<\/tr>\n<tr>\n<td width=\"29%\">Steinquendel<\/td>\n<td width=\"31%\">Calamintha grandifolia<\/td>\n<td width=\"23%\">\n<p align=\"center\">Staude<\/p>\n<\/td>\n<td width=\"23%\">\n<p align=\"center\">kampfer<\/p>\n<\/td>\n<\/tr>\n<tr>\n<td width=\"29%\">Wermut<\/td>\n<td width=\"31%\">Arthemisia absinthium<\/td>\n<td width=\"23%\">\n<p align=\"center\">Staude<\/p>\n<\/td>\n<td width=\"23%\">\n<p align=\"center\">kampfer<\/p>\n<\/td>\n<\/tr>\n<tr>\n<td width=\"29%\">Heiligenkraut<\/td>\n<td width=\"31%\">Santolina chamaecyparissus<\/td>\n<td width=\"23%\">\n<p align=\"center\">Staude<\/p>\n<\/td>\n<td width=\"23%\">\n<p align=\"center\">kampfer<\/p>\n<\/td>\n<\/tr>\n<tr>\n<td width=\"29%\">B\u00e4rlauch<\/td>\n<td width=\"31%\">Allium ursinum<\/td>\n<td width=\"23%\">\n<p align=\"center\">Staude\/Zwiebel<\/p>\n<\/td>\n<td width=\"23%\">\n<p align=\"center\">stechend<\/p>\n<\/td>\n<\/tr>\n<tr>\n<td width=\"29%\">Pfingstrose<\/td>\n<td width=\"31%\">Paeonia lactiflora<\/td>\n<td width=\"23%\">\n<p align=\"center\">Staude<\/p>\n<\/td>\n<td width=\"23%\">\n<p align=\"center\">\u00e4therisch<\/p>\n<\/td>\n<\/tr>\n<tr>\n<td width=\"29%\">Thymian<\/td>\n<td width=\"31%\">Thymus vulgaris<\/td>\n<td width=\"23%\">\n<p align=\"center\">Staude<\/p>\n<\/td>\n<td style=\"text-align: center;\" width=\"23%\">\u00a0herb\/aromatisch<\/td>\n<\/tr>\n<tr>\n<td width=\"29%\">Lavendel<\/td>\n<td width=\"31%\">Lavendula angustifolia<\/td>\n<td width=\"23%\">\n<p align=\"center\">Staude<\/p>\n<\/td>\n<td style=\"text-align: center;\" width=\"23%\">\u00a0leicht bitter\/ herb<\/td>\n<\/tr>\n<tr>\n<td width=\"29%\">Indianernessel<\/td>\n<td width=\"31%\">Monarda Hybr.<\/td>\n<td width=\"23%\">\n<p align=\"center\">Staude<\/p>\n<\/td>\n<td style=\"text-align: center;\" width=\"23%\">\u00a0intensiv herb<\/td>\n<\/tr>\n<tr>\n<td width=\"29%\">Pfefferminze<\/td>\n<td width=\"31%\">Metha x piperita<\/td>\n<td width=\"23%\">\n<p align=\"center\">Staude<\/p>\n<\/td>\n<td width=\"23%\">\n<p align=\"center\">minzig<\/p>\n<\/td>\n<\/tr>\n<tr>\n<td width=\"29%\">Katzenminze<\/td>\n<td width=\"31%\">Nepeta x faassenii<\/td>\n<td width=\"23%\">\n<p align=\"center\">Staude<\/p>\n<\/td>\n<td width=\"23%\">\n<p align=\"center\">minzig<\/p>\n<\/td>\n<\/tr>\n<tr>\n<td width=\"29%\">Zitonenmelisse<\/td>\n<td width=\"31%\">Melissa officinalis<\/td>\n<td width=\"23%\">\n<p align=\"center\">Staude<\/p>\n<\/td>\n<td width=\"23%\">\n<p align=\"center\">minzig\/zitronig<\/p>\n<\/td>\n<\/tr>\n<tr>\n<td width=\"29%\">Duftpelargonien<\/td>\n<td width=\"31%\">Pelargonium odoratissimum<\/td>\n<td width=\"23%\">\n<p align=\"center\">einj\u00e4hrig\/bei \u00fcberwintern auch mehrj\u00e4hrig<\/p>\n<\/td>\n<td width=\"23%\">\n<p align=\"center\">je nach Sorte zitronig, rose, mandel,minzig, orange<\/p>\n<\/td>\n<\/tr>\n<tr>\n<td width=\"29%\">Phlox einj\u00e4hrig<\/td>\n<td width=\"31%\">Phlox dummondii<\/td>\n<td width=\"23%\">\n<p align=\"center\">einj\u00e4hrig<\/p>\n<\/td>\n<td width=\"23%\">\n<p align=\"center\">pfeffrig s\u00fc\u00df<\/p>\n<\/td>\n<\/tr>\n<tr>\n<td width=\"29%\">Goldlack<\/td>\n<td width=\"31%\">Cheiranthus cheri<\/td>\n<td width=\"23%\">\n<p align=\"center\">einj\u00e4hrig<\/p>\n<\/td>\n<td width=\"23%\">\n<p align=\"center\">veilchen\u00e4hnlich,schwer<\/p>\n<\/td>\n<\/tr>\n<tr>\n<td width=\"29%\">Hyayinthen<\/td>\n<td width=\"31%\">Hyacinthus orientalis<\/td>\n<td width=\"23%\">\n<p align=\"center\">Zwiebel<\/p>\n<\/td>\n<td width=\"23%\">\n<p align=\"center\">blumig, herb, orientalisch<\/p>\n<\/td>\n<\/tr>\n<tr>\n<td width=\"29%\">Petunien<\/td>\n<td width=\"31%\">Petunia Hybr.<\/td>\n<td width=\"23%\">\n<p align=\"center\">einj\u00e4hrig<\/p>\n<\/td>\n<td width=\"23%\">\n<p align=\"center\">vanille\u00e4hnlich<\/p>\n<\/td>\n<\/tr>\n<tr>\n<td width=\"29%\">Wicke<\/td>\n<td width=\"31%\">Lathylus odoratus<\/td>\n<td width=\"23%\">\n<p align=\"center\">einj\u00e4hrig<\/p>\n<\/td>\n<td width=\"23%\">\n<p align=\"center\">blumig, s\u00fc\u00df, fruchtig<\/p>\n<\/td>\n<\/tr>\n<tr>\n<td width=\"29%\">Vanilleblume<\/td>\n<td width=\"31%\">Heliotropium arborescens<\/td>\n<td width=\"23%\">\n<p align=\"center\">einj\u00e4hrig<\/p>\n<\/td>\n<td width=\"23%\">\n<p align=\"center\">stark nach vanille<\/p>\n<\/td>\n<\/tr>\n<tr>\n<td width=\"29%\">Ziertabak<\/td>\n<td width=\"31%\">Nictiana sanderae<\/td>\n<td width=\"23%\">\n<p align=\"center\">einj\u00e4hrig<\/p>\n<\/td>\n<td width=\"23%\">\n<p align=\"center\">exotisch,<\/p>\n<\/td>\n<\/tr>\n<tr>\n<td width=\"29%\">Akazie<\/td>\n<td width=\"31%\">Acacia pravissima, und retinodes<\/td>\n<td width=\"23%\">\n<p align=\"center\">Geh\u00f6lz<\/p>\n<\/td>\n<td width=\"23%\">\n<p align=\"center\">leichter honigduft<\/p>\n<\/td>\n<\/tr>\n<tr>\n<td width=\"29%\">Orangenblume<\/td>\n<td width=\"31%\">Choisya ternata<\/td>\n<td width=\"23%\">\n<p align=\"center\">Geh\u00f6lz<\/p>\n<\/td>\n<td width=\"23%\">\n<p align=\"center\">leichter Orangenduft<\/p>\n<\/td>\n<\/tr>\n<tr>\n<td width=\"29%\">echte Zitrone<\/td>\n<td width=\"31%\">Citrus limon<\/td>\n<td width=\"23%\">\n<p align=\"center\">Geh\u00f6lz<\/p>\n<\/td>\n<td width=\"23%\">\n<p align=\"center\">lieblich s\u00fc\u00df zitronig<\/p>\n<\/td>\n<\/tr>\n<tr>\n<td width=\"29%\">Zitronengras<\/td>\n<td width=\"31%\">Cymbopogon citratus<\/td>\n<td width=\"23%\">\n<p align=\"center\">Staude<\/p>\n<\/td>\n<td width=\"23%\">\n<p align=\"center\">zitronig<\/p>\n<\/td>\n<\/tr>\n<tr>\n<td width=\"29%\">Wollmispel<\/td>\n<td width=\"31%\">Eriobotrya japonica<\/td>\n<td width=\"23%\">\n<p align=\"center\">Geh\u00f6lz<\/p>\n<\/td>\n<td width=\"23%\">\n<p align=\"center\">s\u00fc\u00dfer Honigduft<\/p>\n<\/td>\n<\/tr>\n<tr>\n<td width=\"29%\">Apfeleukalyptus<\/td>\n<td width=\"31%\">Eucalyptus bridgesina<\/td>\n<td width=\"23%\"><\/td>\n<td width=\"23%\">\n<p align=\"center\">leichter Apfelduft<\/p>\n<\/td>\n<\/tr>\n<tr>\n<td width=\"29%\">Zitroneneukalyptus<\/td>\n<td width=\"31%\">Eucalyptus citriodora<\/td>\n<td width=\"23%\"><\/td>\n<td width=\"23%\">\n<p align=\"center\">leichter Zitronenduft<\/p>\n<\/td>\n<\/tr>\n<\/tbody>\n<\/table>\n<p>&nbsp;<\/p>\n<p><strong>Aber was machen wir wenn die Natur nicht in unserer N\u00e4he ist, wir keinen Garten oder Balkon haben??<\/strong><\/p>\n<p>\u00c4therische \u00d6le gibt es schon seid einer Ewigkeit. Sie werden in komplizierten Verfahren aus verschiedenen Pflanzenteilen gewonnen. \u00c4therische \u00d6le sollten zu 100% naturrein sein. Sie k\u00f6nnen zu vielen verschiedenen Zwecken eingestzt werden. Wir k\u00f6nnen die \u00e4therischen \u00d6le der Pflanzen auf verschiedene Weise konservieren und festhalten.<\/p>\n<p><strong>Willst Du mehr \u00fcber dieses Thema wissen? &#8230; dann schau hier vorbei:<\/strong><\/p>\n<p>&nbsp;<\/p>\n<ul>\n<li><a href=\"http:\/\/kr\u00e4uterhexchen-silvia.de\/WP\/?p=72\"><strong>VhS Kurse Herbst &#8211; Winter 2013\/14<\/strong><\/a><\/li>\n<li><strong><a href=\"http:\/\/kr\u00e4uterhexchen-silvia.de\/WP\/?p=271\">VhS Kurse Fr\u00fchling- Sommer 2014<\/a><\/strong><\/li>\n<li><strong><a href=\"http:\/\/xn--kruterhexchen-silvia-czb.de\/WP\/?p=816\" target=\"_blank\" rel=\"noopener\">VhS Kurse Herbst &#8211; Winter 2014\/15<\/a><\/strong><\/li>\n<li><a href=\"http:\/\/xn--kruterhexchen-silvia-czb.de\/WP\/?p=1258\"><strong>Vhs Kurse Fr\u00fchjahr &#8211; Sommer 2015<\/strong><\/a><\/li>\n<li><strong><a href=\"http:\/\/xn--kruterhexchen-silvia-czb.de\/WP\/?p=1805\" target=\"_blank\" rel=\"noopener\">VHS Kurse Herbst &#8211; Winter 2015\/16<\/a><\/strong><\/li>\n<li><strong><a href=\"http:\/\/kr\u00e4uterhexchen-silvia.de\/WP\/?p=2150\" target=\"_blank\" rel=\"noopener\">VHS Kurse Fr\u00fchjahr &#8211; Sommer 2016<\/a><\/strong><\/li>\n<li><strong><a href=\"http:\/\/kr\u00e4uterhexchen-silvia.de\/WP\/?p=2382\" target=\"_blank\" rel=\"noopener\">VHS Kurse Herbst &#8211; Winter 2016\/17<\/a><\/strong><\/li>\n<li><a href=\"http:\/\/kr\u00e4uterhexchen-silvia.de\/WP\/?p=2560\" target=\"_blank\" rel=\"noopener\"><strong>VHS Kurse Fr\u00fchjahr &#8211; Sommer 2017<\/strong><\/a><\/li>\n<li><a href=\"http:\/\/xn--kruterhexchen-silvia-czb.de\/WP\/?p=2996\" target=\"_blank\" rel=\"noopener\"><strong>VHS Kurse Herbst \u2013 Winter 2017\/18<\/strong><\/a><\/li>\n<li><a href=\"http:\/\/kr\u00e4uterhexchen-silvia.de\/WP\/?cat=11\"><strong>Alles \u00fcber Parf\u00fcm und Rezepturen<\/strong><\/a><\/li>\n<li><a href=\"http:\/\/kr\u00e4uterhexchen-silvia.de\/WP\/?cat=4\"><strong>Wohlf\u00fchlrezepte<\/strong><\/a><\/li>\n<\/ul>\n<p>&nbsp;<\/p>\n<p>&nbsp;<\/p>\n<p>&nbsp;<\/p>\n","protected":false},"excerpt":{"rendered":"<p>Riech doch mal!! Wenn Du durch Deinen Garten oder die Natur schleichst und nicht nur die Augen offen h\u00e4ltst um die sch\u00f6nen Dinge zu entdecken, sondern auch Deine Nase mal in die Luft h\u00e4ltst und den D\u00fcften nachgehst wirst Du feststellen das dies wohl Dein pers\u00f6nliches Paradies ist. D\u00fcfte sind \u00fcberall und sie kommen von [&hellip;]<\/p>\n","protected":false},"author":2,"featured_media":0,"parent":0,"menu_order":2,"comment_status":"open","ping_status":"open","template":"","meta":{"footnotes":""},"class_list":["post-24","page","type-page","status-publish","hentry"],"_links":{"self":[{"href":"http:\/\/xn--kruterhexchen-silvia-czb.de\/WP\/index.php?rest_route=\/wp\/v2\/pages\/24","targetHints":{"allow":["GET"]}}],"collection":[{"href":"http:\/\/xn--kruterhexchen-silvia-czb.de\/WP\/index.php?rest_route=\/wp\/v2\/pages"}],"about":[{"href":"http:\/\/xn--kruterhexchen-silvia-czb.de\/WP\/index.php?rest_route=\/wp\/v2\/types\/page"}],"author":[{"embeddable":true,"href":"http:\/\/xn--kruterhexchen-silvia-czb.de\/WP\/index.php?rest_route=\/wp\/v2\/users\/2"}],"replies":[{"embeddable":true,"href":"http:\/\/xn--kruterhexchen-silvia-czb.de\/WP\/index.php?rest_route=%2Fwp%2Fv2%2Fcomments&post=24"}],"version-history":[{"count":31,"href":"http:\/\/xn--kruterhexchen-silvia-czb.de\/WP\/index.php?rest_route=\/wp\/v2\/pages\/24\/revisions"}],"predecessor-version":[{"id":3141,"href":"http:\/\/xn--kruterhexchen-silvia-czb.de\/WP\/index.php?rest_route=\/wp\/v2\/pages\/24\/revisions\/3141"}],"wp:attachment":[{"href":"http:\/\/xn--kruterhexchen-silvia-czb.de\/WP\/index.php?rest_route=%2Fwp%2Fv2%2Fmedia&parent=24"}],"curies":[{"name":"wp","href":"https:\/\/api.w.org\/{rel}","templated":true}]}}