{"id":30,"date":"2013-07-22T16:30:18","date_gmt":"2013-07-22T14:30:18","guid":{"rendered":"http:\/\/xn--kruterhexchen-silvia-czb.de\/WP\/?page_id=30"},"modified":"2017-09-19T07:32:23","modified_gmt":"2017-09-19T05:32:23","slug":"zum-essen-3","status":"publish","type":"page","link":"http:\/\/xn--kruterhexchen-silvia-czb.de\/WP\/?page_id=30","title":{"rendered":"zum Essen"},"content":{"rendered":"<p>Viele K\u00fcchenkr\u00e4uter und Wildkr\u00e4uter schmecken sehr gut. Sie k\u00f6nnen nicht nur zum W\u00fcrzen von Speisen genutzt werden, sondern sind als Gem\u00fcse, Einlagen oder &#8222;Grundstoff&#8220; f\u00fcr Speisen.<\/p>\n<p>Die Speisen k\u00f6nnen mit K\u00fcchenkr\u00e4utern und Wildkr\u00e4utern gesund und schmackhaft zubereitet werden. Auch Gew\u00fcrze k\u00f6nnen den Speisen &#8222;das gewisse etwas&#8220; geben. Mit ein bisschen Erfahrung kann dies auch Euch gelingen.<\/p>\n<p>Kr\u00e4uter passen nicht nur zu herzhaftem Speisen, sondern auch in manche S\u00fcssigkeit oder wohlschmeckenden Getr\u00e4nke.<\/p>\n<p><strong>Schaut hier vorbei wenn ihr mehr lernen und genie\u00dfen wollt:<\/strong><\/p>\n<p>&nbsp;<\/p>\n<ul>\n<li><strong><a href=\"http:\/\/kr\u00e4uterhexchen-silvia.de\/WP\/?p=271\">Semesterprogramm Fr\u00fchjahr &#8211; Sommer 2014<\/a><\/strong><\/li>\n<li><a href=\"http:\/\/xn--kruterhexchen-silvia-czb.de\/WP\/?p=816\" target=\"_blank\" rel=\"noopener\"><strong>Semesterprogramm Herbst &#8211; Winter 2014\/15<\/strong><\/a><\/li>\n<li><a href=\"http:\/\/xn--kruterhexchen-silvia-czb.de\/WP\/?p=1258\"><strong>Semesterprogramm Fr\u00fchjahr &#8211; Sommer 2015<\/strong><\/a><\/li>\n<li><strong><a href=\"http:\/\/xn--kruterhexchen-silvia-czb.de\/WP\/?p=1805\" target=\"_blank\" rel=\"noopener\">Semesterprogramm Herbst &#8211; Winter 2015\/15 <\/a><\/strong><\/li>\n<li><strong><a href=\"http:\/\/xn--kruterhexchen-silvia-czb.de\/WP\/?p=2150\">Semesterprogramm Fr\u00fchjahr-Sommer 2016<\/a><\/strong><\/li>\n<li><strong><a href=\"http:\/\/xn--kruterhexchen-silvia-czb.de\/WP\/?p=2382\">Semesterprogramm Herbst-Winter 2016\/17<\/a><\/strong><\/li>\n<li><a href=\"http:\/\/kr\u00e4uterhexchen-silvia.de\/WP\/?p=2560\" target=\"_blank\" rel=\"noopener\"><strong>VHS Kurse Fr\u00fchjahr &#8211; Sommer 2017<\/strong><\/a><\/li>\n<li><a href=\"http:\/\/xn--kruterhexchen-silvia-czb.de\/WP\/?p=2996\" target=\"_blank\" rel=\"noopener\"><strong>VHS Kurse Herbst \u2013 Winter 2017\/18<\/strong><\/a><\/li>\n<li><\/li>\n<\/ul>\n<ul>\n<li><a href=\"http:\/\/kr\u00e4uterhexchen-silvia.de\/WP\/?cat=7\"><strong><span style=\"color: #ff0000;\">Genieserrezepte<\/span><\/strong><\/a><\/li>\n<\/ul>\n","protected":false},"excerpt":{"rendered":"<p>Viele K\u00fcchenkr\u00e4uter und Wildkr\u00e4uter schmecken sehr gut. Sie k\u00f6nnen nicht nur zum W\u00fcrzen von Speisen genutzt werden, sondern sind als Gem\u00fcse, Einlagen oder &#8222;Grundstoff&#8220; f\u00fcr Speisen. Die Speisen k\u00f6nnen mit K\u00fcchenkr\u00e4utern und Wildkr\u00e4utern gesund und schmackhaft zubereitet werden. Auch Gew\u00fcrze k\u00f6nnen den Speisen &#8222;das gewisse etwas&#8220; geben. Mit ein bisschen Erfahrung kann dies auch Euch [&hellip;]<\/p>\n","protected":false},"author":2,"featured_media":0,"parent":0,"menu_order":3,"comment_status":"open","ping_status":"open","template":"","meta":{"footnotes":""},"class_list":["post-30","page","type-page","status-publish","hentry"],"_links":{"self":[{"href":"http:\/\/xn--kruterhexchen-silvia-czb.de\/WP\/index.php?rest_route=\/wp\/v2\/pages\/30","targetHints":{"allow":["GET"]}}],"collection":[{"href":"http:\/\/xn--kruterhexchen-silvia-czb.de\/WP\/index.php?rest_route=\/wp\/v2\/pages"}],"about":[{"href":"http:\/\/xn--kruterhexchen-silvia-czb.de\/WP\/index.php?rest_route=\/wp\/v2\/types\/page"}],"author":[{"embeddable":true,"href":"http:\/\/xn--kruterhexchen-silvia-czb.de\/WP\/index.php?rest_route=\/wp\/v2\/users\/2"}],"replies":[{"embeddable":true,"href":"http:\/\/xn--kruterhexchen-silvia-czb.de\/WP\/index.php?rest_route=%2Fwp%2Fv2%2Fcomments&post=30"}],"version-history":[{"count":16,"href":"http:\/\/xn--kruterhexchen-silvia-czb.de\/WP\/index.php?rest_route=\/wp\/v2\/pages\/30\/revisions"}],"predecessor-version":[{"id":3139,"href":"http:\/\/xn--kruterhexchen-silvia-czb.de\/WP\/index.php?rest_route=\/wp\/v2\/pages\/30\/revisions\/3139"}],"wp:attachment":[{"href":"http:\/\/xn--kruterhexchen-silvia-czb.de\/WP\/index.php?rest_route=%2Fwp%2Fv2%2Fmedia&parent=30"}],"curies":[{"name":"wp","href":"https:\/\/api.w.org\/{rel}","templated":true}]}}