{"id":33,"date":"2013-07-22T16:31:19","date_gmt":"2013-07-22T14:31:19","guid":{"rendered":"http:\/\/xn--kruterhexchen-silvia-czb.de\/WP\/?page_id=33"},"modified":"2018-07-17T13:57:37","modified_gmt":"2018-07-17T11:57:37","slug":"vhs-kurse","status":"publish","type":"page","link":"http:\/\/xn--kruterhexchen-silvia-czb.de\/WP\/?page_id=33","title":{"rendered":"VHS Kurse Infos"},"content":{"rendered":"<p>Alle VHS &#8211; Kurse die ich anbiete <span style=\"color: #ff6600;\"><strong>m\u00fcssen \u00fcber die Volkshochschule gebucht und bezahlt werden.<\/strong><\/span> (bei einigen Kursen entstehen zus\u00e4tzliche Kosten die an die Kursleiterin entrichtet werden m\u00fcssen) <strong>Die Buchungen sind \u00fcbers Internet und bei der Anmeldung in der VHS &#8211; Leipzig m\u00f6glich<\/strong>.<\/p>\n<p>Es gelten die <a href=\"http:\/\/www.vhs-leipzig.de\/agb\/\" target=\"_blank\" rel=\"noopener noreferrer\"><strong>Gesch\u00e4ftsbedingungen<\/strong><\/a> der VHS &#8211; Leipzig!<\/p>\n<p><strong>Zum buchen der Kurse muss <span style=\"color: #ff6600;\">immer<\/span> die <span style=\"color: #ff6600;\">Kursnummer<\/span> und der <span style=\"color: #ff6600;\">Kurstitel<\/span> angeben werden.<\/strong><\/p>\n<p>Bei Bedarf kann eine &#8222;Teilnahmebescheinigung&#8220; von der Vhs- Leipzig ausgestellt werden.<\/p>\n<p><strong>In den Kursen gibt es immer ein Script mit Infos zum jeweiligem Thema sowie viele Rezepte \/Rezepturen zum mit nach Hause nehmen.<\/strong><\/p>\n<p>Das jeweilige <strong>aktuelle Kursprogramm<\/strong> findet ihr entweder bei <a href=\"http:\/\/www.vhs-leipzig.de\/\" target=\"_blank\" rel=\"noopener noreferrer\"><strong>www.vhs-leipzig.de<\/strong><\/a> , als Kursheft ca. 6 Wochen vor Semesterbeginn in der VHS Leipzig oder auch hier auf diesem Blog.<\/p>\n<p>Wenn die Kurse aufgerufen sind, kann man auch dort sehen ob noch Pl\u00e4tze frei sind zu dem jeweiligen Kursen, diese buchen oder wenn m\u00f6glich auf die Warteliste setzen lassen.<\/p>\n<p><strong>Wenn Kurse ausgebucht, verschoben werden m\u00fcssen oder m\u00f6glicherweise auch ausfallen, werde ich dies zeitnah auch auf dem Blog schreiben.<\/strong><\/p>\n<p>&nbsp;<\/p>\n<p>&nbsp;<\/p>\n","protected":false},"excerpt":{"rendered":"<p>Alle VHS &#8211; Kurse die ich anbiete m\u00fcssen \u00fcber die Volkshochschule gebucht und bezahlt werden. (bei einigen Kursen entstehen zus\u00e4tzliche Kosten die an die Kursleiterin entrichtet werden m\u00fcssen) Die Buchungen sind \u00fcbers Internet und bei der Anmeldung in der VHS &#8211; Leipzig m\u00f6glich. Es gelten die Gesch\u00e4ftsbedingungen der VHS &#8211; Leipzig! Zum buchen der Kurse [&hellip;]<\/p>\n","protected":false},"author":2,"featured_media":0,"parent":0,"menu_order":5,"comment_status":"open","ping_status":"open","template":"","meta":{"footnotes":""},"class_list":["post-33","page","type-page","status-publish","hentry"],"_links":{"self":[{"href":"http:\/\/xn--kruterhexchen-silvia-czb.de\/WP\/index.php?rest_route=\/wp\/v2\/pages\/33","targetHints":{"allow":["GET"]}}],"collection":[{"href":"http:\/\/xn--kruterhexchen-silvia-czb.de\/WP\/index.php?rest_route=\/wp\/v2\/pages"}],"about":[{"href":"http:\/\/xn--kruterhexchen-silvia-czb.de\/WP\/index.php?rest_route=\/wp\/v2\/types\/page"}],"author":[{"embeddable":true,"href":"http:\/\/xn--kruterhexchen-silvia-czb.de\/WP\/index.php?rest_route=\/wp\/v2\/users\/2"}],"replies":[{"embeddable":true,"href":"http:\/\/xn--kruterhexchen-silvia-czb.de\/WP\/index.php?rest_route=%2Fwp%2Fv2%2Fcomments&post=33"}],"version-history":[{"count":28,"href":"http:\/\/xn--kruterhexchen-silvia-czb.de\/WP\/index.php?rest_route=\/wp\/v2\/pages\/33\/revisions"}],"predecessor-version":[{"id":3827,"href":"http:\/\/xn--kruterhexchen-silvia-czb.de\/WP\/index.php?rest_route=\/wp\/v2\/pages\/33\/revisions\/3827"}],"wp:attachment":[{"href":"http:\/\/xn--kruterhexchen-silvia-czb.de\/WP\/index.php?rest_route=%2Fwp%2Fv2%2Fmedia&parent=33"}],"curies":[{"name":"wp","href":"https:\/\/api.w.org\/{rel}","templated":true}]}}