{"id":34,"date":"2013-11-29T08:31:45","date_gmt":"2013-11-29T06:31:45","guid":{"rendered":"http:\/\/xn--kruterhexchen-silvia-czb.de\/WP\/?page_id=34"},"modified":"2017-09-13T10:34:47","modified_gmt":"2017-09-13T08:34:47","slug":"privatkurse-2","status":"publish","type":"page","link":"http:\/\/xn--kruterhexchen-silvia-czb.de\/WP\/?page_id=34","title":{"rendered":"\u00dcber mich"},"content":{"rendered":"<p><a href=\"http:\/\/xn--kruterhexchen-silvia-czb.de\/WP\/wp-content\/uploads\/2013\/07\/hexchen-mini.jpg\"><img loading=\"lazy\" decoding=\"async\" class=\"aligncenter\" src=\"http:\/\/xn--kruterhexchen-silvia-czb.de\/WP\/wp-content\/uploads\/2013\/07\/hexchen-mini.jpg\" alt=\"hexchen-mini\" width=\"112\" height=\"150\" \/><\/a><\/p>\n<p>Bei Fragen, Anregungen oder W\u00fcnschen k\u00f6nnt ihr mir eine Mail schreiben an:<\/p>\n<p>hexchen(a)bastelhexchen.de &#8211; bitte das (a) durch ein @ ersetzen.<\/p>\n<p>&nbsp;<\/p>\n<p>Mein Name ist Silvia &#8222;Hexchen&#8220; Tuch. Der Name Silvia leitet sich aus dem lateinischen ab und bedeutet &#8222;die aus dem Wald kommende&#8220;. Geboren bin ich im Wippra S\u00fcdharz &#8211; Sachsen Anhalt &#8211; am 13.11.1970.<\/p>\n<p>Nach meinem Realschulabschluss machte ich eine Lehre als Molkereifachfrau in Hettstedt &#8211; Sachsen Anhalt &#8211; Leider wurde der Betrieb direkt nach der Wende geschlossen und ich musste mir einen neuen Beruf suchen.<\/p>\n<p>Ich machte eine zweite Ausbildung als Landschaftsg\u00e4rtnerin. Zu dieser Zeit lernte ich meinen Mann kennen und bekam von ihm den Beinamen &#8222;Hexchen&#8220;. Nach der Ausbildung arbeitete ich auch einige Zeit in diesem Beruf.<\/p>\n<p>Dann zogen wir nach Erfurt &#8211; Th\u00fcringen &#8211; um. Dort machte ich dann in einem Jahr mein Fachabitur Landwirtschaft und meldete mich danach an der FH Gartenbau in Erfurt an und wollte Gartenbau studieren.<\/p>\n<p>Jedoch wurde es zuerst ein Gastsemester weil sich Nachwuchs anmeldete. Als unser Sohn geboren war, setzte ich das Studium bis zum Vordiplom fort. Noch mitten in den Pr\u00fcfungen schmiedeten wir Pl\u00e4ne f\u00fcr einen Auslandsaufenthalt in den USA.<\/p>\n<p>Also hie\u00df es organisieren, die letzten Pr\u00fcfungen schaffen, unserem Sohn (damals nicht mal 3 Jahre alt) erkl\u00e4ren warum wir all seine Spielsachen einpacken mussten und wir bis zur Abreise von vielen Kisten und auseinander gebauten M\u00f6beln umgeben waren.<\/p>\n<p>Wir lebten 1 1\/2 Jahre in der N\u00e4he von Washington\u00a0D.C. in College Park Maryland. Mein Mann arbeitete ( er ist Physiker), unser Sohn ging in die Kita und ich versorgte Haus, Familie und Garten. Wir fanden dort gute Freunde, zu denen wir bis heute Kontakt haben.<\/p>\n<p>Dann kam der 11. September 2001. An diesem Tag passierte etwas unfassbares. Pl\u00f6tzlich war alles drau\u00dfen still, keine Flugzeuge mehr, kein telefonieren und kein Internet. Das Pentagon wo eines der Flugzeuge hinein st\u00fcrzte war keine 13 Meilen von uns entfernt. Wir sa\u00dfen den ganzen Tag vor dem Fernseher und konnten nicht fassen was geschehen war. Abends waren wir dann bei Freunden und versuchten das geschehene in Worte zu fassen. Noch heute bekomm ich G\u00e4nsehaut wenn ich an diesen Tag zur\u00fcck denke. An diesem Tag stand fest &#8211; Wir wollen zur\u00fcck nach Deutschland.<\/p>\n<p>Gesagt getan! Alles wieder eingepackt, Fl\u00fcge gebucht unter erschwerten Bedingungen und Abschiedsparty organisiert.<\/p>\n<p>Wir zogen dann nach Leipzig &#8211; Sachsen &#8211; und sind inzwischen hier heimisch geworden. Ich machte einen Existensgr\u00fcnderkurs und lernte dort jemand kennen, die meinte ich solle mit meinem Angebot mich bei der VHS Leipzig bewerben. Dies habe ich dann auch getan.<\/p>\n<p>Seit dem Herbstsemester 2004 unterrichte ich nun an der <a href=\"http:\/\/www.vhs-leipzig.de\" target=\"_blank\" rel=\"noopener\">Volkshochschule Leipzig<\/a> mit gro\u00dfem Erfolg. Auf Anfragen veranstalte ich auch privat Kr\u00e4uterkochkurse\/Wanderungen und Vortr\u00e4ge und gehe in den Sommerferien mit Schulkindern auf Kr\u00e4uterwanderung und gebe Kurse zur gesunden Ern\u00e4hrung. <a href=\"http:\/\/kr\u00e4uterhexchen-silvia.de\/WP\/?page_id=33\">Infos zu den VHS Kursen<\/a>&#8230;.<\/p>\n<p>Von Ende August\u00a0 2014 bis Ende Mai 2015 machte ich eine Ausbildung (Fernstudium) zur Ern\u00e4hrungsberaterin bei der <a href=\"http:\/\/www.impulse-schule.de\/\" target=\"_blank\" rel=\"noopener\">Impulse Schule e.V.<\/a><\/p>\n<p><a href=\"http:\/\/kr\u00e4uterhexchen-silvia.de\/WP\/?page_id=1659\">Infos zur Ern\u00e4hrungsberatung<\/a><\/p>\n<p>&nbsp;<\/p>\n","protected":false},"excerpt":{"rendered":"<p>Bei Fragen, Anregungen oder W\u00fcnschen k\u00f6nnt ihr mir eine Mail schreiben an: hexchen(a)bastelhexchen.de &#8211; bitte das (a) durch ein @ ersetzen. &nbsp; Mein Name ist Silvia &#8222;Hexchen&#8220; Tuch. Der Name Silvia leitet sich aus dem lateinischen ab und bedeutet &#8222;die aus dem Wald kommende&#8220;. Geboren bin ich im Wippra S\u00fcdharz &#8211; Sachsen Anhalt &#8211; am [&hellip;]<\/p>\n","protected":false},"author":2,"featured_media":0,"parent":0,"menu_order":6,"comment_status":"open","ping_status":"open","template":"","meta":{"footnotes":""},"class_list":["post-34","page","type-page","status-publish","hentry"],"_links":{"self":[{"href":"http:\/\/xn--kruterhexchen-silvia-czb.de\/WP\/index.php?rest_route=\/wp\/v2\/pages\/34","targetHints":{"allow":["GET"]}}],"collection":[{"href":"http:\/\/xn--kruterhexchen-silvia-czb.de\/WP\/index.php?rest_route=\/wp\/v2\/pages"}],"about":[{"href":"http:\/\/xn--kruterhexchen-silvia-czb.de\/WP\/index.php?rest_route=\/wp\/v2\/types\/page"}],"author":[{"embeddable":true,"href":"http:\/\/xn--kruterhexchen-silvia-czb.de\/WP\/index.php?rest_route=\/wp\/v2\/users\/2"}],"replies":[{"embeddable":true,"href":"http:\/\/xn--kruterhexchen-silvia-czb.de\/WP\/index.php?rest_route=%2Fwp%2Fv2%2Fcomments&post=34"}],"version-history":[{"count":40,"href":"http:\/\/xn--kruterhexchen-silvia-czb.de\/WP\/index.php?rest_route=\/wp\/v2\/pages\/34\/revisions"}],"predecessor-version":[{"id":3110,"href":"http:\/\/xn--kruterhexchen-silvia-czb.de\/WP\/index.php?rest_route=\/wp\/v2\/pages\/34\/revisions\/3110"}],"wp:attachment":[{"href":"http:\/\/xn--kruterhexchen-silvia-czb.de\/WP\/index.php?rest_route=%2Fwp%2Fv2%2Fmedia&parent=34"}],"curies":[{"name":"wp","href":"https:\/\/api.w.org\/{rel}","templated":true}]}}